{"id":442,"date":"2023-09-04T14:02:06","date_gmt":"2023-09-04T12:02:06","guid":{"rendered":"http:\/\/eduhm.fr\/?page_id=442"},"modified":"2026-04-07T12:26:00","modified_gmt":"2026-04-07T10:26:00","slug":"experimentations","status":"publish","type":"page","link":"http:\/\/eduhm.fr\/?page_id=442","title":{"rendered":"Exp\u00e9rimentations"},"content":{"rendered":"\n<p class=\"has-text-align-center has-medium-font-size\"><strong><span class=\"has-inline-color has-vivid-cyan-blue-color\">EDUHM<\/span><\/strong><\/p>\n\n\n\n<p><em><strong><span class=\"has-inline-color has-vivid-red-color\">Prochainement, de nouvelles exp\u00e9rimentations pour 2026-2027<\/span><\/strong><\/em><\/p>\n\n\n\n<p><\/p>\n\n\n\n<p class=\"has-text-align-center has-medium-font-size\">L&#8217;\u00e9dition <strong><span class=\"has-inline-color has-vivid-cyan-blue-color\">2023-2024<\/span><\/strong> est termin\u00e9e<\/p>\n\n\n\n<p class=\"has-text-align-center\"><em><span class=\"has-inline-color has-black-color\">Etudes Didactiques de l&#8217;Utilisation de l&#8217;Histoire des Math\u00e9matiques en classe et en formation<\/span><\/em><\/p>\n\n\n<p><span style=\"color: #0693e3;\"><strong>Vous trouverez ci-dessous en t\u00e9l\u00e9chargement toutes les diff\u00e9rentes activit\u00e9s et ressources propos\u00e9es dans l&#8217;exp\u00e9rimentation.<\/strong><\/span><\/p>\n<p><strong><span style=\"color: #0693e3;\">Phase 1 :<\/span> D\u00e9couverte d&#8217;une num\u00e9ration chinoise ancienne<\/strong><\/p>\n<p><a href=\"http:\/\/eduhm.fr\/wp-content\/uploads\/2025\/07\/Notice-historique-enseignant.pdf\" target=\"_blank\" rel=\"noopener\">Notice pour l&#8217;enseignant.e<\/a><\/p>\n<p><a href=\"http:\/\/eduhm.fr\/wp-content\/uploads\/2025\/07\/6e-Activite-numeration-chinoise-v.0.4-eleves.pdf\" target=\"_blank\" rel=\"noopener\">Fiche \u00e9l\u00e8ve<\/a><\/p>\n<p><a href=\"http:\/\/eduhm.fr\/wp-content\/uploads\/2025\/07\/6e-Activite-numeration-chinoise-v.0.4-avec-corrections.pdf\" target=\"_blank\" rel=\"noopener\">Fiche \u00e9l\u00e8ve avec correction<\/a><\/p>\n<p><strong><span style=\"color: #0693e3;\">Phase 2 :<\/span> Histoire des math\u00e9matiques : authentique <em>vs<\/em> fictive<\/strong><\/p>\n<p><strong><em>Sur la num\u00e9ration babylonienne<\/em> :<\/strong><\/p>\n<p><a href=\"http:\/\/eduhm.fr\/wp-content\/uploads\/2025\/07\/Notice-historique-2-enseignant.pdf\" target=\"_blank\" rel=\"noopener\">Notice pour l&#8217;enseignant.e<\/a><\/p>\n<p><a href=\"http:\/\/eduhm.fr\/wp-content\/uploads\/2025\/07\/6e_Activite_2_Babyloniens_v.0.3.pdf\" target=\"_blank\" rel=\"noopener\">Fiche \u00e9l\u00e8ve<\/a><\/p>\n<p><a href=\"http:\/\/eduhm.fr\/wp-content\/uploads\/2025\/07\/6e_Activite_2_Babyloniens_v.0.3-correction.pdf\" target=\"_blank\" rel=\"noopener\">Fiche \u00e9l\u00e8ve avec correction<\/a><\/p>\n<p><strong><em>Sur la num\u00e9ration zalussienne (un peuple extraterrestre invent\u00e9 !)<\/em><\/strong><\/p>\n<p><em><span style=\"color: #ff0000;\">Attention<\/span> : Cette partie de l&#8217;exp\u00e9rimentation proposait de tester l&#8217;int\u00e9r\u00eat des \u00e9l\u00e8ves pour une histoire fictive, les supports comportent donc une premi\u00e8re partie avec une histoire compl\u00e8tement invent\u00e9e qu&#8217;il conviendra d&#8217;utiliser avec beaucoup de pr\u00e9cautions hors protocole.<\/em><\/p>\n<p><a href=\"http:\/\/eduhm.fr\/wp-content\/uploads\/2025\/07\/6e_Activite_2_Zalussiens_v.0.4-BONNE_VERSION.pdf\" target=\"_blank\" rel=\"noopener\">Fiche \u00e9l\u00e8ve<\/a><\/p>\n<p><a href=\"http:\/\/eduhm.fr\/wp-content\/uploads\/2025\/07\/6e_Activite_2_numeration_v.0.4-correction-BONNE_VERSION.pdf\" target=\"_blank\" rel=\"noopener\">Fiche \u00e9l\u00e8ve avec correction<\/a><\/p>\n<p><\/p>\n<p><strong><span style=\"color: #0693e3;\">Phase 3 :<\/span> Autour de la correspondance de Fermat<\/strong><\/p>\n<p><a href=\"http:\/\/eduhm.fr\/wp-content\/uploads\/2025\/07\/Notice-historique-3-enseignant.pdf\" target=\"_blank\" rel=\"noopener\">Notice pour l&#8217;enseignant.e<\/a><\/p>\n<p><a href=\"http:\/\/eduhm.fr\/wp-content\/uploads\/2025\/07\/6e_Activite-correspondance-de-Fermat.pdf\" target=\"_blank\" rel=\"noopener\">Fiche \u00e9l\u00e8ve<\/a><\/p>\n<p><\/p>\n\n\n<p>Ces <strong>exp\u00e9rimentations, par essais randomis\u00e9s contr\u00f4l\u00e9s<\/strong> (en anglais RCT, Randomized Controled Trials), cherchent \u00e0 explorer <strong>les effets sur les \u00e9l\u00e8ves<\/strong> d&#8217;une approche des <strong>math\u00e9matiques par leur histoire<\/strong>. La <strong>recherche se veut la plus neutre possible<\/strong> et de ce fait, aucun r\u00e9sultat <em>a priori <\/em>n&#8217;apparaitra dans les documents et les protocoles qui vont suivre.<\/p>\n\n\n<p><span style=\"color: #0693e3;\"><strong>El\u00e8ves impliqu\u00e9es dans l&#8217;exp\u00e9rimentation<\/strong><\/span><\/p>\n<p><span style=\"font-size: inherit;\"><span style=\"color: #0693e3;\"><span style=\"caret-color: #0693e3;\"><img loading=\"lazy\" class=\"wp-image-480 alignleft\" src=\"http:\/\/eduhm.fr\/wp-content\/uploads\/2023\/09\/carte-de-france-300x263.jpg\" alt=\"carte\" width=\"138\" height=\"121\" srcset=\"http:\/\/eduhm.fr\/wp-content\/uploads\/2023\/09\/carte-de-france-300x263.jpg 300w, http:\/\/eduhm.fr\/wp-content\/uploads\/2023\/09\/carte-de-france.jpg 486w\" sizes=\"(max-width: 138px) 100vw, 138px\" \/>62 <\/span><\/span>classes de sixi\u00e8me <span style=\"color: #0693e3;\"><em>(approx. 1500 \u00e9l\u00e8ves)<\/em><\/span><\/span><\/p>\n<p><span style=\"color: #0693e3;\"><span style=\"font-size: inherit; color: #0693e3;\">Quelques<\/span> <span style=\"color: #000000;\">classes de CM1-CM2<\/span> <span style=\"font-size: inherit; color: #0693e3;\"><em>(approx. 200 \u00e9l\u00e8ves)<\/em><\/span><\/span><\/p>\n<p><\/p>\n<p><span style=\"color: #339966;\"><strong>Phase 1 termin\u00e9e<\/strong><\/span><\/p>\n<p><strong>Phase 2 termin\u00e9e<\/strong><\/p>\n<p><span style=\"color: #ff6600;\"><strong>Phase 3 termin\u00e9e<\/strong><\/span><\/p>\n<p><\/p>\n<p>T\u00e9l\u00e9charger l&#8217;affiche de l&#8217;appel \u00e0 participation <img loading=\"lazy\" class=\"wp-image-487 alignright\" src=\"http:\/\/eduhm.fr\/wp-content\/uploads\/2023\/09\/appel-204x300.png\" alt=\"appel\" width=\"86\" height=\"126\" srcset=\"http:\/\/eduhm.fr\/wp-content\/uploads\/2023\/09\/appel-204x300.png 204w, http:\/\/eduhm.fr\/wp-content\/uploads\/2023\/09\/appel.png 321w\" sizes=\"(max-width: 86px) 100vw, 86px\" \/>en cliquant sur le lien suivant :<\/p>\n<p><a href=\"http:\/\/eduhm.fr\/wp-content\/uploads\/2023\/09\/Flyer-projet-HdM-2023-2024-Final.pdf\">Flyer-projet-HdM-2023-2024<\/a><\/p>\n<p><\/p>\n\n\n<p>A l&#8217;issue de l&#8217;exp\u00e9rimentation et des analyses s&#8217;y rapportant, <strong>les principaux r\u00e9sultats seront publi\u00e9s sur ce site et dans des articles scientifiques<\/strong>. Toutes les donn\u00e9es seront enti\u00e8rement anonymes (voir paragraphe <span class=\"has-inline-color has-vivid-cyan-blue-color\"><strong>RGPD<\/strong><\/span>).<\/p>\n\n\n\n<p><strong>Nous remercions<\/strong> par avance tout.es <strong>les enseignants et leurs \u00e9l\u00e8ves<\/strong> pour leur implication. N&#8217;h\u00e9sitez pas \u00e0 consulter notre <span class=\"has-inline-color has-vivid-cyan-blue-color\"><strong>FAQ<\/strong><\/span> tout en bas de la page.<\/p>\n\n\n\n<p><strong><span class=\"has-inline-color has-vivid-cyan-blue-color\">Les essais randomis\u00e9s contr\u00f4l\u00e9s<\/span><\/strong><\/p>\n\n\n\n<p>&#8220;Les \u00e9valuations randomis\u00e9es se basent sur deux id\u00e9es cl\u00e9s&nbsp;:<\/p>\n\n\n\n<p><strong>1. Le principe de la comparaison entre groupes :<\/strong>&nbsp;on va comparer les r\u00e9sultats d\u2019un groupe dit \u00ab exp\u00e9rimental \u00bb qui re\u00e7oit l\u2019intervention dont on souhaite \u00e9valuer l\u2019efficacit\u00e9, avec ceux d\u2019un groupe dit \u00ab t\u00e9moin \u00bb qui ne la re\u00e7oit pas. [\u2026]<\/p>\n\n\n\n<p><strong>2. Le principe du tirage des groupes au hasard :<\/strong>&nbsp;La simple comparaison entre groupes peut comporter des biais et des facteurs confondants qui faussent l\u2019interpr\u00e9tation du r\u00e9sultat. [\u2026]&#8221;<\/p>\n\n\n\n<p class=\"has-small-font-size\">(source: La recherche translationnelle en \u00e9ducation, CSEN)<\/p>\n\n\n\n<figure class=\"wp-block-image size-large\"><img loading=\"lazy\" width=\"1024\" height=\"353\" src=\"http:\/\/eduhm.fr\/wp-content\/uploads\/2023\/09\/randomised-1-1024x353-1.png\" alt=\"\" class=\"wp-image-459\" srcset=\"http:\/\/eduhm.fr\/wp-content\/uploads\/2023\/09\/randomised-1-1024x353-1.png 1024w, http:\/\/eduhm.fr\/wp-content\/uploads\/2023\/09\/randomised-1-1024x353-1-300x103.png 300w, http:\/\/eduhm.fr\/wp-content\/uploads\/2023\/09\/randomised-1-1024x353-1-768x265.png 768w\" sizes=\"(max-width: 767px) 89vw, (max-width: 1000px) 54vw, (max-width: 1071px) 543px, 580px\" \/><figcaption>(source: thetoolkit.me)<\/figcaption><\/figure>\n\n\n\n<p>Par sa nature m\u00eame, le protocole impose la pr\u00e9sence de <strong>groupes t\u00e9moins<\/strong> qui n&#8217;auront <strong>pas \u00e0 mettre en oeuvre les activit\u00e9s<\/strong> dans leur classe mais qui devront n\u00e9anmoins participer aux <strong>passations de questionnaires<\/strong> et \u00e0 <strong>diff\u00e9rentes \u00e9valuations<\/strong>. Pour ces groupes, toutes les ressources seront fournies plus tard.<\/p>\n\n\n\n<p>Pour des raisons \u00e9videntes de mise en oeuvre,<strong> l&#8217;\u00e9chelle<\/strong> de la randomisation <strong>est celle de la classe<\/strong>, c&#8217;est-\u00e0-dire que, sauf cas particulier, c&#8217;est la classe enti\u00e8re qui s&#8217;inscrit dans le protocole.<\/p>\n\n\n<p><strong><span class=\"has-inline-color has-vivid-cyan-blue-color\" data-rich-text-format-boundary=\"true\">Calendrier et organisation g\u00e9n\u00e9rale<\/span><\/strong><\/p>\n<p><em>L&#8217;exp\u00e9rimentation est termin\u00e9e.<\/em><\/p>\n<p><span style=\"color: #0693e3;\"><strong>RGPD<\/strong><\/span><\/p>\n<p>Le <a href=\"https:\/\/www.cnil.fr\/fr\/reglement-europeen-protection-donnees\">r\u00e8glement g\u00e9n\u00e9ral sur la protection des donn\u00e9es<\/a> (<strong>RGPD<\/strong>) est une r\u00e9glementation europ\u00e9enne qui s\u2019impose pour tout recueil de donn\u00e9es.<\/p>\n<p>Ainsi, dans le cadre de cette exp\u00e9rimentation, une <strong>autorisation \u00e9crite<\/strong> devra \u00eatre <strong>sign\u00e9e par les parents<\/strong> afin de pouvoir permettre la passation de questionnaires. L\u2019accord sera \u00e9galement demand\u00e9 aux enseignants.<\/p>\n<p style=\"font-weight: 400;\">Cette formalit\u00e9 ne sera n\u00e9cessaire que pour le bon d\u00e9roulement du <strong>recueil des donn\u00e9es<\/strong> et le <strong>suivi individuel des \u00e9l\u00e8ves<\/strong> en cours d&#8217;exp\u00e9rimentation.<\/p>\n<p><span style=\"font-weight: 400;\">Par la suite, toutes <strong>les donn\u00e9es seront anonymis\u00e9es<\/strong> de mani\u00e8re irr\u00e9versible afin de permettre la <a href=\"https:\/\/edps.europa.eu\/system\/files\/2021-04\/21-04-27_aepd-edps_anonymisation_en_5.pdf\">diffusion des r\u00e9sultats<\/a> de la recherche. <\/span><\/p>\n<p><span style=\"color: #0693e3;\"><strong>Equipe de pilotage<\/strong><\/span><\/p>\n<p><span style=\"color: #ff9900;\">Thomas De Vittori<\/span> <em>(maitre de conf\u00e9rences HDR, Univ. Lille)<\/em><\/p>\n<p><span style=\"color: #ff9900;\">Marie-Pierre Visentin<\/span> <em>(conseill\u00e8re p\u00e9dagogique d\u00e9partementale Maths-Sciences, Tarn)<\/em><\/p>\n<p><span style=\"color: #ff9900;\">Ga\u00eblle Louaked<\/span> <em>(enseignante en coll\u00e8ge, Nord)<\/em><\/p>\n<p><span style=\"color: #0693e3;\"><strong>Contact <\/strong><\/span>: thomas (point) devittori (arobase) univ-lille.fr<\/p>\n<p><strong>Avec le soutien de :<\/strong><\/p>\n<p><img loading=\"lazy\" class=\"alignnone  wp-image-463\" src=\"http:\/\/eduhm.fr\/wp-content\/uploads\/2023\/09\/Logo-LML-300x283.png\" alt=\"\" width=\"62\" height=\"59\" srcset=\"http:\/\/eduhm.fr\/wp-content\/uploads\/2023\/09\/Logo-LML-300x283.png 300w, http:\/\/eduhm.fr\/wp-content\/uploads\/2023\/09\/Logo-LML.png 708w\" sizes=\"(max-width: 62px) 100vw, 62px\" \/> <em>Laboratoire de Math\u00e9matiques de Lens<\/em><\/p>\n<p><img loading=\"lazy\" class=\"alignnone  wp-image-465\" src=\"http:\/\/eduhm.fr\/wp-content\/uploads\/2023\/09\/Logo-Univ-Artois-1-300x136.png\" alt=\"\" width=\"139\" height=\"63\" srcset=\"http:\/\/eduhm.fr\/wp-content\/uploads\/2023\/09\/Logo-Univ-Artois-1-300x136.png 300w, http:\/\/eduhm.fr\/wp-content\/uploads\/2023\/09\/Logo-Univ-Artois-1-768x348.png 768w, http:\/\/eduhm.fr\/wp-content\/uploads\/2023\/09\/Logo-Univ-Artois-1.png 833w\" sizes=\"(max-width: 139px) 100vw, 139px\" \/> <img loading=\"lazy\" class=\"alignnone  wp-image-455\" src=\"http:\/\/eduhm.fr\/wp-content\/uploads\/2023\/09\/logo-inspe-lille-300x83.png\" alt=\"\" width=\"231\" height=\"64\" srcset=\"http:\/\/eduhm.fr\/wp-content\/uploads\/2023\/09\/logo-inspe-lille-300x83.png 300w, http:\/\/eduhm.fr\/wp-content\/uploads\/2023\/09\/logo-inspe-lille.png 524w\" sizes=\"(max-width: 231px) 100vw, 231px\" \/><img loading=\"lazy\" class=\"alignnone  wp-image-466\" src=\"http:\/\/eduhm.fr\/wp-content\/uploads\/2023\/09\/Logo-Univ_Lille-300x104.png\" alt=\"\" width=\"176\" height=\"61\" srcset=\"http:\/\/eduhm.fr\/wp-content\/uploads\/2023\/09\/Logo-Univ_Lille-300x104.png 300w, http:\/\/eduhm.fr\/wp-content\/uploads\/2023\/09\/Logo-Univ_Lille.png 661w\" sizes=\"(max-width: 176px) 100vw, 176px\" \/><\/p>\n<p><strong>Appui m\u00e9thodologique :<\/strong><\/p>\n<p><img loading=\"lazy\" class=\"alignnone  wp-image-467\" src=\"http:\/\/eduhm.fr\/wp-content\/uploads\/2023\/09\/J-pal_Logo-300x130.png\" alt=\"\" width=\"104\" height=\"45\" srcset=\"http:\/\/eduhm.fr\/wp-content\/uploads\/2023\/09\/J-pal_Logo-300x130.png 300w, http:\/\/eduhm.fr\/wp-content\/uploads\/2023\/09\/J-pal_Logo.png 513w\" sizes=\"(max-width: 104px) 100vw, 104px\" \/> <img loading=\"lazy\" class=\"alignnone  wp-image-468\" src=\"http:\/\/eduhm.fr\/wp-content\/uploads\/2023\/09\/IDEE-300x84.jpg\" alt=\"\" width=\"160\" height=\"45\" srcset=\"http:\/\/eduhm.fr\/wp-content\/uploads\/2023\/09\/IDEE-300x84.jpg 300w, http:\/\/eduhm.fr\/wp-content\/uploads\/2023\/09\/IDEE.jpg 689w\" sizes=\"(max-width: 160px) 100vw, 160px\" \/>&nbsp;<span class=\"field field--name-title field--type-string field--label-hidden\">Innovations, Donn\u00e9es et Exp\u00e9rimentations en \u00c9ducation<\/span><\/p>\n<p><span style=\"color: #0693e3;\"><strong>FAQ<\/strong><\/span><\/p>\n<p>Ci-dessous vous trouverez plusieurs questions qui nous ont \u00e9t\u00e9 r\u00e9guli\u00e8rement pos\u00e9es.<\/p>\n<p style=\"font-weight: 400;\"><strong>\u00c7a m\u2019int\u00e9resse mais je ne peux pas tout faire et\/ou je ne sais pas encore \u00e0 quelle hauteur je peux m\u2019impliquer.<\/strong><\/p>\n<p style=\"font-weight: 400;\"><em>Pas de soucis, il y a de multiples niveaux d\u2019implication possibles. Tout retour nous est utile.<\/em><\/p>\n<p><strong>Faut-il avoir des connaissances en histoire des math\u00e9matiques pour participer ?<\/strong><\/p>\n<p><em>Non, plus les profils d&#8217;enseignants seront vari\u00e9s, plus l&#8217;exp\u00e9rimentation sera potentiellement significative.<\/em><\/p>\n<p><strong>Est-ce que les activit\u00e9s sont cl\u00e9 en main ?<\/strong><\/p>\n<p><em>Oui, tous les supports sont fournis. Les enseignants se chargent ainsi uniquement de la mise en oeuvre en classe ; un peu comme s&#8217;ils utilisaient une activit\u00e9 issue d&#8217;un manuel scolaire.<\/em><\/p>\n<p><strong>Dois-je en parler \u00e0 mon directeur d&#8217;\u00e9cole \/ principal de coll\u00e8ge ?<\/strong><\/p>\n<p><em>Oui, le responsable de votre \u00e9tablissement doit \u00eatre au courant, en particulier parce qu&#8217;il y aura des documents \u00e0 faire signer aux parents.<\/em><\/p>\n<p style=\"font-weight: 400;\"><strong>Plusieurs parents ont refus\u00e9 l\u2019autorisation de recueil de donn\u00e9es.<\/strong><\/p>\n<p style=\"font-weight: 400;\"><em>C\u2019est leur droit et il faut le respecter. Dans tous les cas, les \u00e9l\u00e8ves peuvent faire les activit\u00e9s car elles s&#8217;inscrivent dans les objectifs et recommandations des programmes actuels.<\/em><\/p>\n<p style=\"font-weight: 400;\"><em>Le recueil ne portant que sur une partie du protocole, selon votre situation, vous pouvez, pour ces \u00e9l\u00e8ves :<\/em><\/p>\n<ul>\n<li style=\"font-weight: 400;\"><em> soit faire remplir les questionnaires et les fiches d\u2019exercices de mani\u00e8re anonyme,<\/em><\/li>\n<li style=\"font-weight: 400;\"><em>soit ne pas faire remplir les questionnaires et ne pas nous faire remonter les r\u00e9sultats des exercices, mais uniquement pour le reste de la classe.<\/em><\/li>\n<\/ul>\n<p><strong>Ma classe a \u00e9t\u00e9 s\u00e9lectionn\u00e9e pour \u00eatre &#8220;classe t\u00e9moin&#8221;, qu&#8217;est-ce que cela signifie ?<\/strong><\/p>\n<p><em><img loading=\"lazy\" class=\"alignright size-medium wp-image-525\" src=\"http:\/\/eduhm.fr\/wp-content\/uploads\/2023\/10\/EDUHM-phase_1-287x300.png\" alt=\"phase1\" width=\"287\" height=\"300\" srcset=\"http:\/\/eduhm.fr\/wp-content\/uploads\/2023\/10\/EDUHM-phase_1-287x300.png 287w, http:\/\/eduhm.fr\/wp-content\/uploads\/2023\/10\/EDUHM-phase_1.png 644w\" sizes=\"(max-width: 287px) 100vw, 287px\" \/>Pour le bon d\u00e9roulement du protocole, il faut quelques classes qui ne vivent pas les activit\u00e9s tout de suite afin de comparer les \u00e9ventuels effets pr\u00e9- et post- car il est bien connu que les \u00e9l\u00e8ves apprennent et changent de conceptions tout au long d&#8217;une ann\u00e9e du simple fait des s\u00e9ances avec leurs enseignants.<\/em><\/p>\n<p><em>N\u00e9anmoins, dans EDUHM, tous les participants ont in fine les activit\u00e9s et peuvent les mettre en oeuvre, simplement les classes t\u00e9moins le feront quelques semaines apr\u00e8s les classes tests.<\/em><\/p>\n<p style=\"font-weight: 400;\"><strong>Est-ce que c\u2019est pay\u00e9&nbsp;?<\/strong><\/p>\n<p style=\"font-weight: 400;\"><em>L\u2019universit\u00e9 et le laboratoire porteurs du projet ne peuvent pas payer des enseignants pour cela, mais d\u2019autres possibilit\u00e9s sont parfois envisageables selon les cas :<\/em><\/p>\n<ul>\n<li><em>pour le premier degr\u00e9, l&#8217;inscription de l\u2019action dans le cadre des 108 heures obligatoires,<\/em><\/li>\n<li><em>pour le second degr\u00e9 , se rapprocher de l\u2019IREM de votre r\u00e9gion pour voir s\u2019il est possible d\u2019avoir quelques HSE,<\/em><\/li>\n<li><em>(les possibilit\u00e9s seront ajout\u00e9es au fil des retours des coll\u00e8gues)<\/em><\/li>\n<\/ul>\n<p style=\"font-weight: 400;\"><em>Nous ne pouvons malheureusement pas vous garantir que ce type de demande aboutira pour chaque cas individuel. Il faut vous rapprocher de votre sup\u00e9rieur hi\u00e9rarchique.<\/em><\/p>\n<p><strong>D&#8217;autres questions au fur et \u00e0 mesure&#8230;<\/strong><\/p>\n<p><em>Et d&#8217;autres r\u00e9ponses&#8230;<\/em><\/p>\n\n\n<p><\/p>\n","protected":false},"excerpt":{"rendered":"<p>EDUHM Prochainement, de nouvelles exp\u00e9rimentations pour 2026-2027 L&#8217;\u00e9dition 2023-2024 est termin\u00e9e Etudes Didactiques de l&#8217;Utilisation de l&#8217;Histoire des Math\u00e9matiques en classe et en formation Vous trouverez ci-dessous en t\u00e9l\u00e9chargement toutes les diff\u00e9rentes activit\u00e9s et ressources propos\u00e9es dans l&#8217;exp\u00e9rimentation. Phase 1 : D\u00e9couverte d&#8217;une num\u00e9ration chinoise ancienne Notice pour l&#8217;enseignant.e Fiche \u00e9l\u00e8ve Fiche \u00e9l\u00e8ve avec correction &hellip; <\/p>\n<p class=\"link-more\"><a href=\"http:\/\/eduhm.fr\/?page_id=442\" class=\"more-link\">Continue reading<span class=\"screen-reader-text\"> &#8220;Exp\u00e9rimentations&#8221;<\/span><\/a><\/p>\n","protected":false},"author":1,"featured_media":0,"parent":0,"menu_order":0,"comment_status":"closed","ping_status":"closed","template":"","meta":[],"_links":{"self":[{"href":"http:\/\/eduhm.fr\/index.php?rest_route=\/wp\/v2\/pages\/442"}],"collection":[{"href":"http:\/\/eduhm.fr\/index.php?rest_route=\/wp\/v2\/pages"}],"about":[{"href":"http:\/\/eduhm.fr\/index.php?rest_route=\/wp\/v2\/types\/page"}],"author":[{"embeddable":true,"href":"http:\/\/eduhm.fr\/index.php?rest_route=\/wp\/v2\/users\/1"}],"replies":[{"embeddable":true,"href":"http:\/\/eduhm.fr\/index.php?rest_route=%2Fwp%2Fv2%2Fcomments&post=442"}],"version-history":[{"count":54,"href":"http:\/\/eduhm.fr\/index.php?rest_route=\/wp\/v2\/pages\/442\/revisions"}],"predecessor-version":[{"id":581,"href":"http:\/\/eduhm.fr\/index.php?rest_route=\/wp\/v2\/pages\/442\/revisions\/581"}],"wp:attachment":[{"href":"http:\/\/eduhm.fr\/index.php?rest_route=%2Fwp%2Fv2%2Fmedia&parent=442"}],"curies":[{"name":"wp","href":"https:\/\/api.w.org\/{rel}","templated":true}]}}