{"id":304,"date":"2020-10-10T14:46:41","date_gmt":"2020-10-10T12:46:41","guid":{"rendered":"http:\/\/eduhm.fr\/?page_id=304"},"modified":"2020-10-11T09:26:41","modified_gmt":"2020-10-11T07:26:41","slug":"sup-calculs-geometriques","status":"publish","type":"page","link":"http:\/\/eduhm.fr\/?page_id=304","title":{"rendered":"Sup calculs g\u00e9om\u00e9triques"},"content":{"rendered":"\n<p>L\u2019objectif de cette s\u00e9ance r\u00e9alis\u00e9e en Licence 3 pluri-disciplinaire (\u00e9tudiants se destinant au professorat des \u00e9coles) est d\u2019effectuer des calculs \u00e0 partir de quantit\u00e9s repr\u00e9sent\u00e9es par de simples segments. En lien avec un th\u00e8me tr\u00e8s pr\u00e9sent dans les apprentissages \u00e0 l\u2019\u00e9cole primaire, il s\u2019agit de travailler directement sur des grandeurs g\u00e9om\u00e9triques en \u00e9vitant le plus possible la notion de mesure. Le travail permet aussi de revoir des configurations g\u00e9om\u00e9triques utiles pour le concours du CRPE (configuration dite de Thal\u00e8s et th\u00e9or\u00e8me de Pythagore).<\/p>\n\n\n\n<p>A partir de deux segments A et B quelconques et d\u2019un segment dit unit\u00e9, les calculs consistent d\u2019abord en des sommes et des diff\u00e9rences, puis des produits et des quotients et enfin l\u2019extraction d\u2019une racine carr\u00e9e.<\/p>\n\n\n\n<p>Le support donne \u00e0 lire des extraits de la&nbsp;<em>G\u00e9om\u00e9trie<\/em>&nbsp;de Descartes portant justement sur ce type de constructions.<\/p>\n\n\n\n<p>La fiche :&nbsp;<a href=\"http:\/\/eduhm.fr\/wp-content\/uploads\/2020\/10\/Sup_calculs_geometriques_fiche.pdf\" target=\"_blank\" rel=\"noreferrer noopener\">Sup calculs geometriques fiche<\/a><\/p>\n\n\n\n<p><em>Niveau : sup\u00e9rieur, L3 \/ Ann\u00e9e 2013<\/em><\/p>\n\n\n\n<p><strong>Extrait 1 : Sommes et diff\u00e9rences<\/strong><\/p>\n\n\n\n<p>Les premiers calculs ne posent pas de probl\u00e8me, tous les \u00e9tudiants parviennent \u00e0 construire des quantit\u00e9s comme A+B, B-A, 3A.<\/p>\n\n\n<div class=\"passster-form\" id=\"ps-388\">  \n  <form class=\"password-form\" method=\"post\" autocomplete=\"off\" action-xhr=\"http:\/\/eduhm.fr\/?page_id=304\" target=\"_top\">\n    <h4>Protected Area<\/h4>\n    <p>This content is password-protected. Please verify with a password to unlock the content.<\/p>\n    <fieldset>\n      <span class=\"ps-loader\"><img src=\"http:\/\/eduhm.fr\/wp-content\/plugins\/content-protector\/assets\/public\/ps-loader.svg\"\/><\/span>\n      <input placeholder=\"Enter your password..\" type=\"password\" tabindex=\"1\" name=\"passster_password\" id=\"passster_password\" class=\"passster-password\" autocomplete=\"off\" data-protection-type=\"password\" data-list=\"[PASSSTER_LIST]\" data-area=\"[PASSSTER_AREA]\" data-protection=\"[PASSSTER_PROTECTION]\">\n      \n      <button name=\"submit\" type=\"submit\" class=\"passster-submit\" data-psid=\"ps-388\"  data-submit=\"...Checking Password\">Saisissez le mot de passe pour acc\u00e9der \u00e0 la vid\u00e9o<\/button>\n       <div class=\"passster-error\"><\/div>\n    <\/fieldset>\n  <\/form>\n<\/div>\n\n\n<p><strong>Extrait 2 : Produits<\/strong><\/p>\n\n\n\n<p>Afin d\u2019effectuer les autres calculs demand\u00e9s, les \u00e9tudiants se r\u00e9f\u00e8rent aux extraits de texte de Descartes. Pour ces premiers exemples, l\u2019identification de la bonne configuration se fait sans trop de difficult\u00e9s ; le travail en groupe \u00e9tant ici tr\u00e8s profitable.<\/p>\n\n\n<div class=\"passster-form\" id=\"ps-14\">  \n  <form class=\"password-form\" method=\"post\" autocomplete=\"off\" action-xhr=\"http:\/\/eduhm.fr\/?page_id=304\" target=\"_top\">\n    <h4>Protected Area<\/h4>\n    <p>This content is password-protected. Please verify with a password to unlock the content.<\/p>\n    <fieldset>\n      <span class=\"ps-loader\"><img src=\"http:\/\/eduhm.fr\/wp-content\/plugins\/content-protector\/assets\/public\/ps-loader.svg\"\/><\/span>\n      <input placeholder=\"Enter your password..\" type=\"password\" tabindex=\"1\" name=\"passster_password\" id=\"passster_password\" class=\"passster-password\" autocomplete=\"off\" data-protection-type=\"password\" data-list=\"[PASSSTER_LIST]\" data-area=\"[PASSSTER_AREA]\" data-protection=\"[PASSSTER_PROTECTION]\">\n      \n      <button name=\"submit\" type=\"submit\" class=\"passster-submit\" data-psid=\"ps-14\"  data-submit=\"...Checking Password\">Saisissez le mot de passe pour acc\u00e9der \u00e0 la vid\u00e9o<\/button>\n       <div class=\"passster-error\"><\/div>\n    <\/fieldset>\n  <\/form>\n<\/div>\n\n\n<p><strong>Extrait 3 : Calcul de l\u2019inverse<\/strong><\/p>\n\n\n\n<p>Le trac\u00e9 de la quantit\u00e9 1\/A fait appara\u00eetre les premi\u00e8res v\u00e9ritables difficult\u00e9s. Pour ce cas, l\u2019identification du bon placement des donn\u00e9es dans une configuration de Thal\u00e8s n\u00e9cessite souvent l\u2019aide de l\u2019enseignant.<\/p>\n\n\n<div class=\"passster-form\" id=\"ps-611\">  \n  <form class=\"password-form\" method=\"post\" autocomplete=\"off\" action-xhr=\"http:\/\/eduhm.fr\/?page_id=304\" target=\"_top\">\n    <h4>Protected Area<\/h4>\n    <p>This content is password-protected. Please verify with a password to unlock the content.<\/p>\n    <fieldset>\n      <span class=\"ps-loader\"><img src=\"http:\/\/eduhm.fr\/wp-content\/plugins\/content-protector\/assets\/public\/ps-loader.svg\"\/><\/span>\n      <input placeholder=\"Enter your password..\" type=\"password\" tabindex=\"1\" name=\"passster_password\" id=\"passster_password\" class=\"passster-password\" autocomplete=\"off\" data-protection-type=\"password\" data-list=\"[PASSSTER_LIST]\" data-area=\"[PASSSTER_AREA]\" data-protection=\"[PASSSTER_PROTECTION]\">\n      \n      <button name=\"submit\" type=\"submit\" class=\"passster-submit\" data-psid=\"ps-611\"  data-submit=\"...Checking Password\">Saisissez le mot de passe pour acc\u00e9der \u00e0 la vid\u00e9o<\/button>\n       <div class=\"passster-error\"><\/div>\n    <\/fieldset>\n  <\/form>\n<\/div>\n\n\n<p><strong>Extrait 4 : Racine carr\u00e9e<\/strong><\/p>\n\n\n\n<p>Dans le cas des entiers, le trac\u00e9 de la racine carr\u00e9e permet de revoir une situation d\u2019application du th\u00e9or\u00e8me de Pythagore. Le texte de Descartes permet une construction bien connue dans le cas g\u00e9n\u00e9ral.<\/p>\n\n\n<div class=\"passster-form\" id=\"ps-195\">  \n  <form class=\"password-form\" method=\"post\" autocomplete=\"off\" action-xhr=\"http:\/\/eduhm.fr\/?page_id=304\" target=\"_top\">\n    <h4>Protected Area<\/h4>\n    <p>This content is password-protected. Please verify with a password to unlock the content.<\/p>\n    <fieldset>\n      <span class=\"ps-loader\"><img src=\"http:\/\/eduhm.fr\/wp-content\/plugins\/content-protector\/assets\/public\/ps-loader.svg\"\/><\/span>\n      <input placeholder=\"Enter your password..\" type=\"password\" tabindex=\"1\" name=\"passster_password\" id=\"passster_password\" class=\"passster-password\" autocomplete=\"off\" data-protection-type=\"password\" data-list=\"[PASSSTER_LIST]\" data-area=\"[PASSSTER_AREA]\" data-protection=\"[PASSSTER_PROTECTION]\">\n      \n      <button name=\"submit\" type=\"submit\" class=\"passster-submit\" data-psid=\"ps-195\"  data-submit=\"...Checking Password\">Saisissez le mot de passe pour acc\u00e9der \u00e0 la vid\u00e9o<\/button>\n       <div class=\"passster-error\"><\/div>\n    <\/fieldset>\n  <\/form>\n<\/div>","protected":false},"excerpt":{"rendered":"<p>L\u2019objectif de cette s\u00e9ance r\u00e9alis\u00e9e en Licence 3 pluri-disciplinaire (\u00e9tudiants se destinant au professorat des \u00e9coles) est d\u2019effectuer des calculs \u00e0 partir de quantit\u00e9s repr\u00e9sent\u00e9es par de simples segments. En lien avec un th\u00e8me tr\u00e8s pr\u00e9sent dans les apprentissages \u00e0 l\u2019\u00e9cole primaire, il s\u2019agit de travailler directement sur des grandeurs g\u00e9om\u00e9triques en \u00e9vitant le plus &hellip; <\/p>\n<p class=\"link-more\"><a href=\"http:\/\/eduhm.fr\/?page_id=304\" class=\"more-link\">Continue reading<span class=\"screen-reader-text\"> &#8220;Sup calculs g\u00e9om\u00e9triques&#8221;<\/span><\/a><\/p>\n","protected":false},"author":1,"featured_media":0,"parent":0,"menu_order":0,"comment_status":"closed","ping_status":"closed","template":"","meta":[],"_links":{"self":[{"href":"http:\/\/eduhm.fr\/index.php?rest_route=\/wp\/v2\/pages\/304"}],"collection":[{"href":"http:\/\/eduhm.fr\/index.php?rest_route=\/wp\/v2\/pages"}],"about":[{"href":"http:\/\/eduhm.fr\/index.php?rest_route=\/wp\/v2\/types\/page"}],"author":[{"embeddable":true,"href":"http:\/\/eduhm.fr\/index.php?rest_route=\/wp\/v2\/users\/1"}],"replies":[{"embeddable":true,"href":"http:\/\/eduhm.fr\/index.php?rest_route=%2Fwp%2Fv2%2Fcomments&post=304"}],"version-history":[{"count":3,"href":"http:\/\/eduhm.fr\/index.php?rest_route=\/wp\/v2\/pages\/304\/revisions"}],"predecessor-version":[{"id":410,"href":"http:\/\/eduhm.fr\/index.php?rest_route=\/wp\/v2\/pages\/304\/revisions\/410"}],"wp:attachment":[{"href":"http:\/\/eduhm.fr\/index.php?rest_route=%2Fwp%2Fv2%2Fmedia&parent=304"}],"curies":[{"name":"wp","href":"https:\/\/api.w.org\/{rel}","templated":true}]}}