{"id":289,"date":"2020-10-10T14:40:48","date_gmt":"2020-10-10T12:40:48","guid":{"rendered":"http:\/\/eduhm.fr\/?page_id=289"},"modified":"2020-10-11T08:49:01","modified_gmt":"2020-10-11T06:49:01","slug":"4e-mesures","status":"publish","type":"page","link":"http:\/\/eduhm.fr\/?page_id=289","title":{"rendered":"4e mesures"},"content":{"rendered":"\n<p>Cette s\u00e9ance se d\u00e9roule en ext\u00e9rieur, dans la cour. Les \u00e9l\u00e8ves doivent mesurer des hauteurs de b\u00e2timents et d\u2019arbres \u00e0 l\u2019aide d\u2019outils et de techniques d\u2019arpentage datant du Moyen-\u00c2ge.<\/p>\n\n\n\n<p>Ce type de s\u00e9ance inspir\u00e9s par les trait\u00e9s de g\u00e9om\u00e9trie dite&nbsp;<em>pratique&nbsp;<\/em>permet de mobiliser les savoirs g\u00e9om\u00e9triques comme outils de mod\u00e9lisation : il s\u2019agit ici de mettre en \u0153uvre des r\u00e9sultats g\u00e9om\u00e9triques sur les triangles (proportionnalit\u00e9, th\u00e9or\u00e8me de Thal\u00e8s, \u2026) \u00e0 partir de probl\u00e8mes concrets.<\/p>\n\n\n\n<p>Dans un contexte scolaire, quelques instruments sont privil\u00e9gi\u00e9s : la r\u00e8gle, l\u2019\u00e9querre, le compas et le rapporteur. Apr\u00e8s quelques ann\u00e9es, leur usage est naturalis\u00e9, ce qui cr\u00e9er de nombreux implicites. La d\u00e9couverte d\u2019un nouvel instrument oblige \u00e0 assimiler tant sa manipulation (aspect pratique) que le contenu math\u00e9matique auquel il renvoie (aspect th\u00e9orique).<\/p>\n\n\n\n<p>Dans cette s\u00e9ance film\u00e9e en coll\u00e8ge, le travail math\u00e9matique s\u2019accompagne d\u2019une fr\u00e9quentation plus ou moins authentique de pratiques anciennes. L\u2019histoire des math\u00e9matiques fonctionne ici autant comme outil au service des math\u00e9matiques scolaires que comme un objet de r\u00e9flexion.<\/p>\n\n\n\n<p>La fiche \u00e9l\u00e8ve :&nbsp;<a href=\"http:\/\/eduhm.fr\/wp-content\/uploads\/2020\/10\/4_mesures_fiche_eleve.pdf\" target=\"_blank\" rel=\"noreferrer noopener\">4_mesures_fiche_eleve<\/a><\/p>\n\n\n\n<p><em>Niveau : quatri\u00e8me \/ Ann\u00e9e 2011<\/em><\/p>\n\n\n\n<p><strong>Extrait 1 : Comme les anciens<\/strong><\/p>\n\n\n\n<p>Situ\u00e9e \u00e0 l\u2019ext\u00e9rieur, cette s\u00e9ance propose une histoire des math\u00e9matiques&nbsp;<em>\u00e0 vivre<\/em>. Il s\u2019agit de mesurer plusieurs grandeurs inaccessibles comme on pouvait le faire aux 12e-13e si\u00e8cles.<\/p>\n\n\n\n<p>Dans cette mise en route, l\u2019enseignant pr\u00e9cise les objectifs de la s\u00e9ance, distribue le mat\u00e9riel et r\u00e9partit les groupes dans la cour.<\/p>\n\n\n<div class=\"passster-form\" id=\"ps-743\">  \n  <form class=\"password-form\" method=\"post\" autocomplete=\"off\" action-xhr=\"http:\/\/eduhm.fr\/?page_id=289\" target=\"_top\">\n    <h4>Protected Area<\/h4>\n    <p>This content is password-protected. Please verify with a password to unlock the content.<\/p>\n    <fieldset>\n      <span class=\"ps-loader\"><img src=\"http:\/\/eduhm.fr\/wp-content\/plugins\/content-protector\/assets\/public\/ps-loader.svg\"\/><\/span>\n      <input placeholder=\"Enter your password..\" type=\"password\" tabindex=\"1\" name=\"passster_password\" id=\"passster_password\" class=\"passster-password\" autocomplete=\"off\" data-protection-type=\"password\" data-list=\"[PASSSTER_LIST]\" data-area=\"[PASSSTER_AREA]\" data-protection=\"[PASSSTER_PROTECTION]\">\n      \n      <button name=\"submit\" type=\"submit\" class=\"passster-submit\" data-psid=\"ps-743\"  data-submit=\"...Checking Password\">Saisissez le mot de passe pour acc\u00e9der \u00e0 la vid\u00e9o<\/button>\n       <div class=\"passster-error\"><\/div>\n    <\/fieldset>\n  <\/form>\n<\/div>\n\n\n<p><strong>Extrait 2 : Utilisation de la croix du b\u00fbcheron<\/strong><\/p>\n\n\n\n<p>Pour chacun des trois instruments, les \u00e9l\u00e8ves disposent d\u2019une fiche explicative. La partie pratique est explicit\u00e9e (positionnement des instruments, vis\u00e9es et mesures \u00e0 effectuer), par contre la partie th\u00e9orique est laiss\u00e9e \u00e0 leur r\u00e9flexion (l\u2019espace n\u00e9cessaire est laiss\u00e9 sur la fiche de travail). En ce qui concerne la croix du b\u00fbcheron, l\u2019explication pratique est principalement constitu\u00e9e d\u2019un sch\u00e9ma.<\/p>\n\n\n\n<p>L\u2019utilisation du nouvel outil entra\u00eene quelques h\u00e9sitations et difficult\u00e9s de manipulation. Le travail par groupe et la dimension ludique de la situation permettent aux \u00e9l\u00e8ves de rapidement s\u2019approprier cet instrument.<\/p>\n\n\n<div class=\"passster-form\" id=\"ps-910\">  \n  <form class=\"password-form\" method=\"post\" autocomplete=\"off\" action-xhr=\"http:\/\/eduhm.fr\/?page_id=289\" target=\"_top\">\n    <h4>Protected Area<\/h4>\n    <p>This content is password-protected. Please verify with a password to unlock the content.<\/p>\n    <fieldset>\n      <span class=\"ps-loader\"><img src=\"http:\/\/eduhm.fr\/wp-content\/plugins\/content-protector\/assets\/public\/ps-loader.svg\"\/><\/span>\n      <input placeholder=\"Enter your password..\" type=\"password\" tabindex=\"1\" name=\"passster_password\" id=\"passster_password\" class=\"passster-password\" autocomplete=\"off\" data-protection-type=\"password\" data-list=\"[PASSSTER_LIST]\" data-area=\"[PASSSTER_AREA]\" data-protection=\"[PASSSTER_PROTECTION]\">\n      \n      <button name=\"submit\" type=\"submit\" class=\"passster-submit\" data-psid=\"ps-910\"  data-submit=\"...Checking Password\">Saisissez le mot de passe pour acc\u00e9der \u00e0 la vid\u00e9o<\/button>\n       <div class=\"passster-error\"><\/div>\n    <\/fieldset>\n  <\/form>\n<\/div>\n\n\n<p><strong>Extrait 3 : Utilisation du b\u00e2ton de Gerbert<\/strong><\/p>\n\n\n\n<p>Comme pour la croix du b\u00fbcheron, les \u00e9l\u00e8ves ont d\u2019abord quelques difficult\u00e9s pour comprendre le mode d\u2019utilisation du b\u00e2ton de Gerbert. Il s\u2019agit ensuite de bien positionner l\u2019instrument, ce qui n\u00e9cessite des d\u00e9placements. Les prises de mesures se font \u00e0 l\u2019aide d\u2019un d\u00e9cam\u00e8tre et ne posent pas de difficult\u00e9s majeures.<\/p>\n\n\n<div class=\"passster-form\" id=\"ps-774\">  \n  <form class=\"password-form\" method=\"post\" autocomplete=\"off\" action-xhr=\"http:\/\/eduhm.fr\/?page_id=289\" target=\"_top\">\n    <h4>Protected Area<\/h4>\n    <p>This content is password-protected. Please verify with a password to unlock the content.<\/p>\n    <fieldset>\n      <span class=\"ps-loader\"><img src=\"http:\/\/eduhm.fr\/wp-content\/plugins\/content-protector\/assets\/public\/ps-loader.svg\"\/><\/span>\n      <input placeholder=\"Enter your password..\" type=\"password\" tabindex=\"1\" name=\"passster_password\" id=\"passster_password\" class=\"passster-password\" autocomplete=\"off\" data-protection-type=\"password\" data-list=\"[PASSSTER_LIST]\" data-area=\"[PASSSTER_AREA]\" data-protection=\"[PASSSTER_PROTECTION]\">\n      \n      <button name=\"submit\" type=\"submit\" class=\"passster-submit\" data-psid=\"ps-774\"  data-submit=\"...Checking Password\">Saisissez le mot de passe pour acc\u00e9der \u00e0 la vid\u00e9o<\/button>\n       <div class=\"passster-error\"><\/div>\n    <\/fieldset>\n  <\/form>\n<\/div>\n\n\n<p><strong>Extrait 4 : Utilisation du miroir<\/strong><\/p>\n\n\n\n<p>Des trois instruments, le miroir est celui qui pose le plus de difficult\u00e9s aux \u00e9l\u00e8ves. Certains d\u2019entre-eux vont chercher \u00e0 relever la distance entre leur \u0153il et le miroir (apr\u00e8s avoir pris celle entre leurs pieds et le miroir) alors que la m\u00e9thode n\u00e9cessitait de mesurer la distance entre l\u2019\u0153il et le sol.<\/p>\n\n\n\n<p>Les difficult\u00e9s portent ici sur la mesure plus que sur le positionnement de l\u2019observateur ou de l\u2019instrument, qui sont ind\u00e9pendants.<\/p>\n\n\n<div class=\"passster-form\" id=\"ps-739\">  \n  <form class=\"password-form\" method=\"post\" autocomplete=\"off\" action-xhr=\"http:\/\/eduhm.fr\/?page_id=289\" target=\"_top\">\n    <h4>Protected Area<\/h4>\n    <p>This content is password-protected. Please verify with a password to unlock the content.<\/p>\n    <fieldset>\n      <span class=\"ps-loader\"><img src=\"http:\/\/eduhm.fr\/wp-content\/plugins\/content-protector\/assets\/public\/ps-loader.svg\"\/><\/span>\n      <input placeholder=\"Enter your password..\" type=\"password\" tabindex=\"1\" name=\"passster_password\" id=\"passster_password\" class=\"passster-password\" autocomplete=\"off\" data-protection-type=\"password\" data-list=\"[PASSSTER_LIST]\" data-area=\"[PASSSTER_AREA]\" data-protection=\"[PASSSTER_PROTECTION]\">\n      \n      <button name=\"submit\" type=\"submit\" class=\"passster-submit\" data-psid=\"ps-739\"  data-submit=\"...Checking Password\">Saisissez le mot de passe pour acc\u00e9der \u00e0 la vid\u00e9o<\/button>\n       <div class=\"passster-error\"><\/div>\n    <\/fieldset>\n  <\/form>\n<\/div>\n\n\n<p><strong>Extrait 5 : Apr\u00e8s la mesure \u2026<\/strong><\/p>\n\n\n\n<p>Apr\u00e8s avoir pris les mesures, le travail se poursuit au sein du mod\u00e8le math\u00e9matique. Il s\u2019agit de mobiliser des r\u00e9sultats de la g\u00e9om\u00e9trie plane pour mettre en \u00e9quation puis calculer les hauteurs recherch\u00e9es, pour chacun des instruments. L\u2019enseignant&nbsp; intervient parfois pour guider ses \u00e9l\u00e8ves.<\/p>\n\n\n\n<p>Parall\u00e8lement, l\u2019activit\u00e9 en groupe sans la pression li\u00e9e \u00e0 la pr\u00e9sence du professeur permet certains apports par les pairs comme la r\u00e9vision \u00e9l\u00e9mentaire du syst\u00e8me m\u00e9trique \u00e0 la fin de l\u2019extrait.<\/p>\n\n\n<div class=\"passster-form\" id=\"ps-741\">  \n  <form class=\"password-form\" method=\"post\" autocomplete=\"off\" action-xhr=\"http:\/\/eduhm.fr\/?page_id=289\" target=\"_top\">\n    <h4>Protected Area<\/h4>\n    <p>This content is password-protected. Please verify with a password to unlock the content.<\/p>\n    <fieldset>\n      <span class=\"ps-loader\"><img src=\"http:\/\/eduhm.fr\/wp-content\/plugins\/content-protector\/assets\/public\/ps-loader.svg\"\/><\/span>\n      <input placeholder=\"Enter your password..\" type=\"password\" tabindex=\"1\" name=\"passster_password\" id=\"passster_password\" class=\"passster-password\" autocomplete=\"off\" data-protection-type=\"password\" data-list=\"[PASSSTER_LIST]\" data-area=\"[PASSSTER_AREA]\" data-protection=\"[PASSSTER_PROTECTION]\">\n      \n      <button name=\"submit\" type=\"submit\" class=\"passster-submit\" data-psid=\"ps-741\"  data-submit=\"...Checking Password\">Saisissez le mot de passe pour acc\u00e9der \u00e0 la vid\u00e9o<\/button>\n       <div class=\"passster-error\"><\/div>\n    <\/fieldset>\n  <\/form>\n<\/div>\n\n\n<p><\/p>\n","protected":false},"excerpt":{"rendered":"<p>Cette s\u00e9ance se d\u00e9roule en ext\u00e9rieur, dans la cour. Les \u00e9l\u00e8ves doivent mesurer des hauteurs de b\u00e2timents et d\u2019arbres \u00e0 l\u2019aide d\u2019outils et de techniques d\u2019arpentage datant du Moyen-\u00c2ge. Ce type de s\u00e9ance inspir\u00e9s par les trait\u00e9s de g\u00e9om\u00e9trie dite&nbsp;pratique&nbsp;permet de mobiliser les savoirs g\u00e9om\u00e9triques comme outils de mod\u00e9lisation : il s\u2019agit ici de mettre &hellip; <\/p>\n<p class=\"link-more\"><a href=\"http:\/\/eduhm.fr\/?page_id=289\" class=\"more-link\">Continue reading<span class=\"screen-reader-text\"> &#8220;4e mesures&#8221;<\/span><\/a><\/p>\n","protected":false},"author":1,"featured_media":0,"parent":0,"menu_order":0,"comment_status":"closed","ping_status":"closed","template":"","meta":[],"_links":{"self":[{"href":"http:\/\/eduhm.fr\/index.php?rest_route=\/wp\/v2\/pages\/289"}],"collection":[{"href":"http:\/\/eduhm.fr\/index.php?rest_route=\/wp\/v2\/pages"}],"about":[{"href":"http:\/\/eduhm.fr\/index.php?rest_route=\/wp\/v2\/types\/page"}],"author":[{"embeddable":true,"href":"http:\/\/eduhm.fr\/index.php?rest_route=\/wp\/v2\/users\/1"}],"replies":[{"embeddable":true,"href":"http:\/\/eduhm.fr\/index.php?rest_route=%2Fwp%2Fv2%2Fcomments&post=289"}],"version-history":[{"count":5,"href":"http:\/\/eduhm.fr\/index.php?rest_route=\/wp\/v2\/pages\/289\/revisions"}],"predecessor-version":[{"id":393,"href":"http:\/\/eduhm.fr\/index.php?rest_route=\/wp\/v2\/pages\/289\/revisions\/393"}],"wp:attachment":[{"href":"http:\/\/eduhm.fr\/index.php?rest_route=%2Fwp%2Fv2%2Fmedia&parent=289"}],"curies":[{"name":"wp","href":"https:\/\/api.w.org\/{rel}","templated":true}]}}