{"id":2,"date":"2020-10-09T17:08:17","date_gmt":"2020-10-09T15:08:17","guid":{"rendered":"http:\/\/eduhm.fr\/?page_id=2"},"modified":"2025-09-22T12:20:12","modified_gmt":"2025-09-22T10:20:12","slug":"page-d-exemple","status":"publish","type":"page","link":"http:\/\/eduhm.fr\/","title":{"rendered":"Accueil"},"content":{"rendered":"\n<p>Le programme EDUHM vise \u00e0 conduire une analyse didactique de s\u00e9ances m\u00ealant math\u00e9matiques et histoire des math\u00e9matiques.<\/p>\n\n\n\n<p>L&#8217;\u00e9tude des interactions in situ entre ces deux disciplines constitue le c\u0153ur du programme. Vous trouverez donc ici des s\u00e9ances film\u00e9es en classe et \u00e0 l&#8217;universit\u00e9 accompagn\u00e9es de commentaires.<\/p>\n\n\n\n<p><span class=\"has-inline-color has-vivid-cyan-blue-color\">Pour des raisons de droits \u00e0 l&#8217;image, l&#8217;acc\u00e8s aux vid\u00e9os n&#8217;est possible qu&#8217;aux professionnels de l&#8217;\u00e9ducation (chercheurs, formateurs, enseignants, &#8230;).<\/span><\/p>\n\n\n\n<p>Pour obtenir vos identifiants, il suffit d&#8217;en faire la demande (voir page <a href=\"http:\/\/eduhm.fr\/?page_id=260\">Contacts<\/a>).<\/p>\n\n\n\n<figure class=\"wp-block-image size-large\"><img loading=\"lazy\" width=\"143\" height=\"48\" src=\"http:\/\/eduhm.fr\/wp-content\/uploads\/2013\/02\/logonpdc.png\" alt=\"\" class=\"wp-image-45\"\/><figcaption>Programmes Emergents 2012-2014<\/figcaption><\/figure>\n\n\n\n<figure class=\"wp-block-image size-large is-resized\"><img loading=\"lazy\" src=\"http:\/\/eduhm.fr\/wp-content\/uploads\/2023\/09\/logo-inspe-lille.png\" alt=\"\" class=\"wp-image-455\" width=\"217\" height=\"60\" srcset=\"http:\/\/eduhm.fr\/wp-content\/uploads\/2023\/09\/logo-inspe-lille.png 524w, http:\/\/eduhm.fr\/wp-content\/uploads\/2023\/09\/logo-inspe-lille-300x83.png 300w\" sizes=\"(max-width: 217px) 100vw, 217px\" \/><figcaption>Soutien aux projets de recherche 2022-2023<\/figcaption><\/figure>\n\n\n\n<div class=\"wp-block-image\"><figure class=\"alignleft size-large is-resized\"><img loading=\"lazy\" src=\"http:\/\/eduhm.fr\/wp-content\/uploads\/2013\/02\/logoartois.png\" alt=\"\" class=\"wp-image-47\" width=\"115\" height=\"62\"\/><\/figure><\/div>\n\n\n\n<div class=\"wp-block-image\"><figure class=\"alignleft size-large is-resized\"><img loading=\"lazy\" src=\"http:\/\/eduhm.fr\/wp-content\/uploads\/2020\/10\/Logo-LML.png\" alt=\"\" class=\"wp-image-271\" width=\"222\" height=\"49\"\/><\/figure><\/div>\n\n\n\n<p><\/p>\n","protected":false},"excerpt":{"rendered":"<p>Le programme EDUHM vise \u00e0 conduire une analyse didactique de s\u00e9ances m\u00ealant math\u00e9matiques et histoire des math\u00e9matiques. L&#8217;\u00e9tude des interactions in situ entre ces deux disciplines constitue le c\u0153ur du programme. Vous trouverez donc ici des s\u00e9ances film\u00e9es en classe et \u00e0 l&#8217;universit\u00e9 accompagn\u00e9es de commentaires. Pour des raisons de droits \u00e0 l&#8217;image, l&#8217;acc\u00e8s aux &hellip; <\/p>\n<p class=\"link-more\"><a href=\"http:\/\/eduhm.fr\/\" class=\"more-link\">Continue reading<span class=\"screen-reader-text\"> &#8220;Accueil&#8221;<\/span><\/a><\/p>\n","protected":false},"author":1,"featured_media":0,"parent":0,"menu_order":0,"comment_status":"closed","ping_status":"open","template":"","meta":[],"_links":{"self":[{"href":"http:\/\/eduhm.fr\/index.php?rest_route=\/wp\/v2\/pages\/2"}],"collection":[{"href":"http:\/\/eduhm.fr\/index.php?rest_route=\/wp\/v2\/pages"}],"about":[{"href":"http:\/\/eduhm.fr\/index.php?rest_route=\/wp\/v2\/types\/page"}],"author":[{"embeddable":true,"href":"http:\/\/eduhm.fr\/index.php?rest_route=\/wp\/v2\/users\/1"}],"replies":[{"embeddable":true,"href":"http:\/\/eduhm.fr\/index.php?rest_route=%2Fwp%2Fv2%2Fcomments&post=2"}],"version-history":[{"count":10,"href":"http:\/\/eduhm.fr\/index.php?rest_route=\/wp\/v2\/pages\/2\/revisions"}],"predecessor-version":[{"id":576,"href":"http:\/\/eduhm.fr\/index.php?rest_route=\/wp\/v2\/pages\/2\/revisions\/576"}],"wp:attachment":[{"href":"http:\/\/eduhm.fr\/index.php?rest_route=%2Fwp%2Fv2%2Fmedia&parent=2"}],"curies":[{"name":"wp","href":"https:\/\/api.w.org\/{rel}","templated":true}]}}